{"id":37,"date":"2017-03-28T16:36:00","date_gmt":"2017-03-28T14:36:00","guid":{"rendered":"http:\/\/localhost\/reliuresetgrymoires\/?page_id=37"},"modified":"2021-10-19T14:17:20","modified_gmt":"2021-10-19T12:17:20","slug":"accueil","status":"publish","type":"page","link":"https:\/\/www.reliuresgrymoires.fr\/","title":{"rendered":"Accueil"},"content":{"rendered":"[et_pb_section bb_built=\u00a0\u00bb1&Prime; admin_label=\u00a0\u00bbSection\u00a0\u00bb fullwidth=\u00a0\u00bbon\u00a0\u00bb specialty=\u00a0\u00bboff\u00a0\u00bb][et_pb_fullwidth_image admin_label=\u00a0\u00bbImage en pleine largeur\u00a0\u00bb src=\u00a0\u00bbhttp:\/\/www.reliuresgrymoires.fr\/wp-content\/uploads\/2018\/03\/banniere.jpg\u00a0\u00bb show_in_lightbox=\u00a0\u00bboff\u00a0\u00bb url_new_window=\u00a0\u00bboff\u00a0\u00bb use_overlay=\u00a0\u00bboff\u00a0\u00bb animation=\u00a0\u00bbleft\u00a0\u00bb use_border_color=\u00a0\u00bboff\u00a0\u00bb border_color=\u00a0\u00bb#ffffff\u00a0\u00bb border_style=\u00a0\u00bbsolid\u00a0\u00bb \/][\/et_pb_section][et_pb_section bb_built=\u00a0\u00bb1&Prime; admin_label=\u00a0\u00bbSection\u00a0\u00bb fullwidth=\u00a0\u00bboff\u00a0\u00bb specialty=\u00a0\u00bboff\u00a0\u00bb][et_pb_row admin_label=\u00a0\u00bbLigne\u00a0\u00bb][et_pb_column type=\u00a0\u00bb2_3&Prime;][et_pb_image admin_label=\u00a0\u00bbImage\u00a0\u00bb show_in_lightbox=\u00a0\u00bboff\u00a0\u00bb url_new_window=\u00a0\u00bboff\u00a0\u00bb use_overlay=\u00a0\u00bboff\u00a0\u00bb animation=\u00a0\u00bbleft\u00a0\u00bb sticky=\u00a0\u00bboff\u00a0\u00bb align=\u00a0\u00bbleft\u00a0\u00bb force_fullwidth=\u00a0\u00bboff\u00a0\u00bb always_center_on_mobile=\u00a0\u00bbon\u00a0\u00bb use_border_color=\u00a0\u00bboff\u00a0\u00bb border_color=\u00a0\u00bb#ffffff\u00a0\u00bb border_style=\u00a0\u00bbsolid\u00a0\u00bb src=\u00a0\u00bbhttp:\/\/www.reliuresgrymoires.fr\/wp-content\/uploads\/2018\/03\/DSCN0468-1.jpg\u00a0\u00bb \/][et_pb_text admin_label=\u00a0\u00bbTexte\u00a0\u00bb background_layout=\u00a0\u00bblight\u00a0\u00bb text_orientation=\u00a0\u00bbleft\u00a0\u00bb use_border_color=\u00a0\u00bboff\u00a0\u00bb border_color=\u00a0\u00bb#ffffff\u00a0\u00bb border_style=\u00a0\u00bbsolid\u00a0\u00bb]\n<h1>Reliure d&rsquo;art \u00e0 Charlieu<\/h1>\nN\u00e9 du regroupement de deux artisans, <strong>l\u2019Atelier Reliures et Grymoires<\/strong> s\u2019est \u00e9tabli dans la commune de Charlieu depuis octobre 2016, afin de perp\u00e9tuer les traditions et transmettre notre passion pour les m\u00e9tiers du livre. Nous vous accueillons tous les jours de la semaine pour prendre soins de vos ouvrages ou pour vous proposer des <a href=\"http:\/\/localhost\/reliuresetgrymoires\/?page_id=44\" target=\"_blank\" rel=\"noopener\"><strong>cours<\/strong><\/a> qui vous permettrons de donner une nouvelle jeunesse \u00e0 vos livres pr\u00e9f\u00e9r\u00e9s. Poussez les portes de l\u2019atelier pour nous confier vos ouvrages ou simplement pour d\u00e9couvrir <strong><a href=\"http:\/\/localhost\/reliuresetgrymoires\/?page_id=41\" target=\"_blank\" rel=\"noopener\">nos r\u00e9alisations.<\/a><\/strong>\n<h2><\/h2>\n<h2><\/h2>\n<h2>Bient\u00f4t les Stages de Reliure JDR<\/h2>\n<!-- \/wp:heading --> <!-- wp:paragraph -->\n\nLe principe est simple : Vous venez \u00e0 l&rsquo;atelier du Grymoire, \u00e0 Charlieu, dans la loire\navec votre livre de JDR et ensemble nous allons en faire la reliure pour une qualit\u00e9 plein cuir \u00e0 d\u00e9cor.\nLe Stage ne pourra r\u00e9unir que quatre personnes \u00e0 la fois,\net aura lieu du lundi en vendredi (extensible au samedi si n\u00e9cessaire).\nCe stage ne comprend pas le logement ni les repas.\n<h2><\/h2>\n<!-- \/wp:paragraph --> <!-- wp:image {\"align\":\"center\",\"id\":339,\"width\":445,\"height\":334,\"sizeSlug\":\"large\",\"linkDestination\":\"none\"} -->\n<div class=\"wp-block-image\">\n<figure class=\"aligncenter size-large is-resized\"><img loading=\"lazy\" decoding=\"async\" class=\"wp-image-339\" src=\"http:\/\/www.reliuresgrymoires.fr\/wp-content\/uploads\/2021\/09\/230578094_2722355971395497_4118018935239551764_n-1024x768.jpg\" alt=\"\" width=\"445\" height=\"334\" srcset=\"https:\/\/www.reliuresgrymoires.fr\/wp-content\/uploads\/2021\/09\/230578094_2722355971395497_4118018935239551764_n-1024x768.jpg 1024w, https:\/\/www.reliuresgrymoires.fr\/wp-content\/uploads\/2021\/09\/230578094_2722355971395497_4118018935239551764_n-300x225.jpg 300w, https:\/\/www.reliuresgrymoires.fr\/wp-content\/uploads\/2021\/09\/230578094_2722355971395497_4118018935239551764_n-768x576.jpg 768w, https:\/\/www.reliuresgrymoires.fr\/wp-content\/uploads\/2021\/09\/230578094_2722355971395497_4118018935239551764_n-1536x1152.jpg 1536w, https:\/\/www.reliuresgrymoires.fr\/wp-content\/uploads\/2021\/09\/230578094_2722355971395497_4118018935239551764_n-510x382.jpg 510w, https:\/\/www.reliuresgrymoires.fr\/wp-content\/uploads\/2021\/09\/230578094_2722355971395497_4118018935239551764_n-1080x810.jpg 1080w, https:\/\/www.reliuresgrymoires.fr\/wp-content\/uploads\/2021\/09\/230578094_2722355971395497_4118018935239551764_n.jpg 1728w\" sizes=\"(max-width: 445px) 100vw, 445px\" \/>\n<figcaption>plein cuir \u00e0 Pista For\u00eat avec d\u00e9cor argent.\n\n<\/figcaption><\/figure>\n<\/div>\n<!-- \/wp:image --> <!-- wp:paragraph -->\n\n<!-- \/wp:paragraph --> <!-- wp:heading -->\n<h2>Les Stages du Sorcier<\/h2>\n<!-- \/wp:heading --> <!-- wp:paragraph -->\n\nLe principe est quasiment le m\u00eame que le stage pr\u00e9c\u00e9dent, sauf que vous venez pour fabriquer de toute pi\u00e8ce un grimoire vierge personnalis\u00e9 en cuir . Le stage aura lieu du lundi au vendredi (extensible au samedi si n\u00e9cessaire). Ce stage ne comprend pas le logement ni les repas.\n<h2><\/h2>\n<!-- \/wp:paragraph --> <!-- wp:image {\"align\":\"center\",\"id\":340,\"width\":525,\"height\":700,\"sizeSlug\":\"full\",\"linkDestination\":\"none\"} -->\n<div class=\"wp-block-image\" style=\"text-align: center;\">\n<figure class=\"aligncenter size-full is-resized\"><img loading=\"lazy\" decoding=\"async\" class=\"wp-image-340 aligncenter\" src=\"http:\/\/www.reliuresgrymoires.fr\/wp-content\/uploads\/2021\/09\/IMG_20210716_121419_1.jpg\" alt=\"\" width=\"525\" height=\"700\" srcset=\"https:\/\/www.reliuresgrymoires.fr\/wp-content\/uploads\/2021\/09\/IMG_20210716_121419_1.jpg 525w, https:\/\/www.reliuresgrymoires.fr\/wp-content\/uploads\/2021\/09\/IMG_20210716_121419_1-225x300.jpg 225w\" sizes=\"(max-width: 525px) 100vw, 525px\" \/>\n\n<figcaption>Grymoire Serpentard<\/figcaption><\/figure>\n<\/div>\n<!-- \/wp:image -->\n\n[\/et_pb_text][\/et_pb_column][et_pb_column type=\u00a0\u00bb1_3&Prime;][et_pb_blog admin_label=\u00a0\u00bbActualit\u00e9s\u00a0\u00bb fullwidth=\u00a0\u00bbon\u00a0\u00bb show_thumbnail=\u00a0\u00bbon\u00a0\u00bb show_content=\u00a0\u00bbon\u00a0\u00bb show_more=\u00a0\u00bboff\u00a0\u00bb show_author=\u00a0\u00bboff\u00a0\u00bb show_date=\u00a0\u00bbon\u00a0\u00bb show_categories=\u00a0\u00bboff\u00a0\u00bb show_comments=\u00a0\u00bboff\u00a0\u00bb show_pagination=\u00a0\u00bboff\u00a0\u00bb offset_number=\u00a0\u00bb0&Prime; use_overlay=\u00a0\u00bboff\u00a0\u00bb background_layout=\u00a0\u00bblight\u00a0\u00bb use_dropshadow=\u00a0\u00bboff\u00a0\u00bb use_border_color=\u00a0\u00bboff\u00a0\u00bb border_color=\u00a0\u00bb#ffffff\u00a0\u00bb border_style=\u00a0\u00bbsolid\u00a0\u00bb \/][\/et_pb_column][\/et_pb_row][\/et_pb_section]\n<div class=\"wp-block-image\" style=\"text-align: center;\"><\/div>","protected":false},"excerpt":{"rendered":"<p>[et_pb_section bb_built=\u00a0\u00bb1&Prime; admin_label=\u00a0\u00bbSection\u00a0\u00bb fullwidth=\u00a0\u00bbon\u00a0\u00bb specialty=\u00a0\u00bboff\u00a0\u00bb][et_pb_fullwidth_image admin_label=\u00a0\u00bbImage en pleine largeur\u00a0\u00bb src=\u00a0\u00bbhttp:\/\/www.reliuresgrymoires.fr\/wp-content\/uploads\/2018\/03\/banniere.jpg\u00a0\u00bb show_in_lightbox=\u00a0\u00bboff\u00a0\u00bb url_new_window=\u00a0\u00bboff\u00a0\u00bb use_overlay=\u00a0\u00bboff\u00a0\u00bb animation=\u00a0\u00bbleft\u00a0\u00bb use_border_color=\u00a0\u00bboff\u00a0\u00bb border_color=\u00a0\u00bb#ffffff\u00a0\u00bb border_style=\u00a0\u00bbsolid\u00a0\u00bb \/][\/et_pb_section][et_pb_section bb_built=\u00a0\u00bb1&Prime; admin_label=\u00a0\u00bbSection\u00a0\u00bb fullwidth=\u00a0\u00bboff\u00a0\u00bb specialty=\u00a0\u00bboff\u00a0\u00bb][et_pb_row admin_label=\u00a0\u00bbLigne\u00a0\u00bb][et_pb_column type=\u00a0\u00bb2_3&Prime;][et_pb_image admin_label=\u00a0\u00bbImage\u00a0\u00bb show_in_lightbox=\u00a0\u00bboff\u00a0\u00bb url_new_window=\u00a0\u00bboff\u00a0\u00bb use_overlay=\u00a0\u00bboff\u00a0\u00bb animation=\u00a0\u00bbleft\u00a0\u00bb sticky=\u00a0\u00bboff\u00a0\u00bb align=\u00a0\u00bbleft\u00a0\u00bb force_fullwidth=\u00a0\u00bboff\u00a0\u00bb always_center_on_mobile=\u00a0\u00bbon\u00a0\u00bb use_border_color=\u00a0\u00bboff\u00a0\u00bb border_color=\u00a0\u00bb#ffffff\u00a0\u00bb border_style=\u00a0\u00bbsolid\u00a0\u00bb src=\u00a0\u00bbhttp:\/\/www.reliuresgrymoires.fr\/wp-content\/uploads\/2018\/03\/DSCN0468-1.jpg\u00a0\u00bb \/][et_pb_text admin_label=\u00a0\u00bbTexte\u00a0\u00bb background_layout=\u00a0\u00bblight\u00a0\u00bb text_orientation=\u00a0\u00bbleft\u00a0\u00bb use_border_color=\u00a0\u00bboff\u00a0\u00bb border_color=\u00a0\u00bb#ffffff\u00a0\u00bb border_style=\u00a0\u00bbsolid\u00a0\u00bb] Reliure d&rsquo;art \u00e0 Charlieu N\u00e9 du regroupement de deux artisans, l\u2019Atelier [&hellip;]<\/p>\n","protected":false},"author":1,"featured_media":0,"parent":0,"menu_order":0,"comment_status":"closed","ping_status":"closed","template":"","meta":{"footnotes":""},"_links":{"self":[{"href":"https:\/\/www.reliuresgrymoires.fr\/index.php?rest_route=\/wp\/v2\/pages\/37"}],"collection":[{"href":"https:\/\/www.reliuresgrymoires.fr\/index.php?rest_route=\/wp\/v2\/pages"}],"about":[{"href":"https:\/\/www.reliuresgrymoires.fr\/index.php?rest_route=\/wp\/v2\/types\/page"}],"author":[{"embeddable":true,"href":"https:\/\/www.reliuresgrymoires.fr\/index.php?rest_route=\/wp\/v2\/users\/1"}],"replies":[{"embeddable":true,"href":"https:\/\/www.reliuresgrymoires.fr\/index.php?rest_route=%2Fwp%2Fv2%2Fcomments&post=37"}],"version-history":[{"count":54,"href":"https:\/\/www.reliuresgrymoires.fr\/index.php?rest_route=\/wp\/v2\/pages\/37\/revisions"}],"predecessor-version":[{"id":500,"href":"https:\/\/www.reliuresgrymoires.fr\/index.php?rest_route=\/wp\/v2\/pages\/37\/revisions\/500"}],"wp:attachment":[{"href":"https:\/\/www.reliuresgrymoires.fr\/index.php?rest_route=%2Fwp%2Fv2%2Fmedia&parent=37"}],"curies":[{"name":"wp","href":"https:\/\/api.w.org\/{rel}","templated":true}]}}