{"id":228,"date":"2018-03-22T23:52:04","date_gmt":"2018-03-22T22:52:04","guid":{"rendered":"http:\/\/localhost\/reliuresetgrymoires\/?page_id=228"},"modified":"2021-09-14T14:17:59","modified_gmt":"2021-09-14T12:17:59","slug":"grymoires-et-jeux-de-role","status":"publish","type":"page","link":"https:\/\/www.reliuresgrymoires.fr\/?page_id=228","title":{"rendered":"Grymoires et jeux de r\u00f4le"},"content":{"rendered":"\n<h2 class=\"has-text-align-center wp-block-heading\">Dune, RPG<\/h2>\n\n\n\n<div class=\"wp-block-image\"><figure class=\"aligncenter size-large\"><img loading=\"lazy\" decoding=\"async\" width=\"1024\" height=\"768\" src=\"http:\/\/www.reliuresgrymoires.fr\/wp-content\/uploads\/2021\/09\/Dune-1024x768.jpg\" alt=\"\" class=\"wp-image-310\" srcset=\"https:\/\/www.reliuresgrymoires.fr\/wp-content\/uploads\/2021\/09\/Dune-1024x768.jpg 1024w, https:\/\/www.reliuresgrymoires.fr\/wp-content\/uploads\/2021\/09\/Dune-300x225.jpg 300w, https:\/\/www.reliuresgrymoires.fr\/wp-content\/uploads\/2021\/09\/Dune-768x576.jpg 768w, https:\/\/www.reliuresgrymoires.fr\/wp-content\/uploads\/2021\/09\/Dune-1536x1152.jpg 1536w, https:\/\/www.reliuresgrymoires.fr\/wp-content\/uploads\/2021\/09\/Dune-510x382.jpg 510w, https:\/\/www.reliuresgrymoires.fr\/wp-content\/uploads\/2021\/09\/Dune-1080x810.jpg 1080w, https:\/\/www.reliuresgrymoires.fr\/wp-content\/uploads\/2021\/09\/Dune.jpg 2048w\" sizes=\"(max-width: 1024px) 100vw, 1024px\" \/><figcaption>Plein cuir \u00e0 d\u00e9cor,  Boston t\u00eate de mort et Memphis Equitan<\/figcaption><\/figure><\/div>\n\n\n\n<h2 class=\"has-text-align-center wp-block-heading\">Vampire<\/h2>\n\n\n\n<div class=\"wp-block-image\"><figure class=\"aligncenter size-full\"><img loading=\"lazy\" decoding=\"async\" width=\"720\" height=\"960\" src=\"http:\/\/www.reliuresgrymoires.fr\/wp-content\/uploads\/2021\/09\/235361386_2728709854093442_5517513234945093978_n.jpg\" alt=\"\" class=\"wp-image-311\" srcset=\"https:\/\/www.reliuresgrymoires.fr\/wp-content\/uploads\/2021\/09\/235361386_2728709854093442_5517513234945093978_n.jpg 720w, https:\/\/www.reliuresgrymoires.fr\/wp-content\/uploads\/2021\/09\/235361386_2728709854093442_5517513234945093978_n-225x300.jpg 225w\" sizes=\"(max-width: 720px) 100vw, 720px\" \/><figcaption>Plein cuir Boston t\u00eate de mort et d\u00e9coration argent.<\/figcaption><\/figure><\/div>\n\n\n\n<h2 class=\"has-text-align-center wp-block-heading\">Tecumah Gulch<\/h2>\n\n\n\n<div class=\"wp-block-image\"><figure class=\"aligncenter size-large\"><img loading=\"lazy\" decoding=\"async\" width=\"768\" height=\"1024\" src=\"http:\/\/www.reliuresgrymoires.fr\/wp-content\/uploads\/2021\/09\/Tecumah-G-768x1024.jpg\" alt=\"\" class=\"wp-image-302\" srcset=\"https:\/\/www.reliuresgrymoires.fr\/wp-content\/uploads\/2021\/09\/Tecumah-G-768x1024.jpg 768w, https:\/\/www.reliuresgrymoires.fr\/wp-content\/uploads\/2021\/09\/Tecumah-G-225x300.jpg 225w, https:\/\/www.reliuresgrymoires.fr\/wp-content\/uploads\/2021\/09\/Tecumah-G-1152x1536.jpg 1152w, https:\/\/www.reliuresgrymoires.fr\/wp-content\/uploads\/2021\/09\/Tecumah-G-1080x1440.jpg 1080w, https:\/\/www.reliuresgrymoires.fr\/wp-content\/uploads\/2021\/09\/Tecumah-G.jpg 1296w\" sizes=\"(max-width: 768px) 100vw, 768px\" \/><figcaption>Plein cuir \u00e0 d\u00e9cor Pista noisette.<\/figcaption><\/figure><\/div>\n\n\n\n<h2 class=\"has-text-align-center wp-block-heading\">Bloodlust et son Arme Dieu<\/h2>\n\n\n\n<div class=\"wp-block-image\"><figure class=\"aligncenter size-large\"><img loading=\"lazy\" decoding=\"async\" width=\"1024\" height=\"768\" src=\"http:\/\/www.reliuresgrymoires.fr\/wp-content\/uploads\/2021\/09\/Bloodlust-1024x768.jpg\" alt=\"\" class=\"wp-image-303\" srcset=\"https:\/\/www.reliuresgrymoires.fr\/wp-content\/uploads\/2021\/09\/Bloodlust-1024x768.jpg 1024w, https:\/\/www.reliuresgrymoires.fr\/wp-content\/uploads\/2021\/09\/Bloodlust-300x225.jpg 300w, https:\/\/www.reliuresgrymoires.fr\/wp-content\/uploads\/2021\/09\/Bloodlust-768x576.jpg 768w, https:\/\/www.reliuresgrymoires.fr\/wp-content\/uploads\/2021\/09\/Bloodlust-1536x1152.jpg 1536w, https:\/\/www.reliuresgrymoires.fr\/wp-content\/uploads\/2021\/09\/Bloodlust-510x382.jpg 510w, https:\/\/www.reliuresgrymoires.fr\/wp-content\/uploads\/2021\/09\/Bloodlust-1080x810.jpg 1080w, https:\/\/www.reliuresgrymoires.fr\/wp-content\/uploads\/2021\/09\/Bloodlust.jpg 1728w\" sizes=\"(max-width: 1024px) 100vw, 1024px\" \/><figcaption>Plein cuir \u00e0 d\u00e9cor Boston Ranch, d\u00e9cor du titre en double passage rouge et argent, arme Dieu nomm\u00e9e Zehkir, double hache, susceptible, vicieuse et col\u00e9rique, ne convient pas \u00e0 un aventurier de moins de 36 mois.<\/figcaption><\/figure><\/div>\n\n\n\n<h2 class=\"has-text-align-center wp-block-heading\">Warhammer, Age of Sigmar<\/h2>\n\n\n\n<div class=\"wp-block-image\"><figure class=\"aligncenter size-large is-resized\"><img loading=\"lazy\" decoding=\"async\" src=\"http:\/\/www.reliuresgrymoires.fr\/wp-content\/uploads\/2021\/09\/Warhammer-Sigmar-1024x768.jpg\" alt=\"\" class=\"wp-image-304\" width=\"841\" height=\"631\" srcset=\"https:\/\/www.reliuresgrymoires.fr\/wp-content\/uploads\/2021\/09\/Warhammer-Sigmar-1024x768.jpg 1024w, https:\/\/www.reliuresgrymoires.fr\/wp-content\/uploads\/2021\/09\/Warhammer-Sigmar-300x225.jpg 300w, https:\/\/www.reliuresgrymoires.fr\/wp-content\/uploads\/2021\/09\/Warhammer-Sigmar-768x576.jpg 768w, https:\/\/www.reliuresgrymoires.fr\/wp-content\/uploads\/2021\/09\/Warhammer-Sigmar-1536x1152.jpg 1536w, https:\/\/www.reliuresgrymoires.fr\/wp-content\/uploads\/2021\/09\/Warhammer-Sigmar-510x382.jpg 510w, https:\/\/www.reliuresgrymoires.fr\/wp-content\/uploads\/2021\/09\/Warhammer-Sigmar-1080x810.jpg 1080w, https:\/\/www.reliuresgrymoires.fr\/wp-content\/uploads\/2021\/09\/Warhammer-Sigmar.jpg 1728w\" sizes=\"(max-width: 841px) 100vw, 841px\" \/><figcaption>Plein cuir \u00e0 d\u00e9cor or Boston T\u00eate de mort.<\/figcaption><\/figure><\/div>\n\n\n\n<h2 class=\"has-text-align-center wp-block-heading\">Star Wars, l&rsquo;Ere de la R\u00e9bellion.<\/h2>\n\n\n\n<div class=\"wp-block-image\"><figure class=\"aligncenter size-large\"><img loading=\"lazy\" decoding=\"async\" width=\"1024\" height=\"768\" src=\"http:\/\/www.reliuresgrymoires.fr\/wp-content\/uploads\/2021\/09\/Star-Wars-1024x768.jpg\" alt=\"\" class=\"wp-image-306\" srcset=\"https:\/\/www.reliuresgrymoires.fr\/wp-content\/uploads\/2021\/09\/Star-Wars-1024x768.jpg 1024w, https:\/\/www.reliuresgrymoires.fr\/wp-content\/uploads\/2021\/09\/Star-Wars-300x225.jpg 300w, https:\/\/www.reliuresgrymoires.fr\/wp-content\/uploads\/2021\/09\/Star-Wars-768x576.jpg 768w, https:\/\/www.reliuresgrymoires.fr\/wp-content\/uploads\/2021\/09\/Star-Wars-1536x1152.jpg 1536w, https:\/\/www.reliuresgrymoires.fr\/wp-content\/uploads\/2021\/09\/Star-Wars-510x382.jpg 510w, https:\/\/www.reliuresgrymoires.fr\/wp-content\/uploads\/2021\/09\/Star-Wars-1080x810.jpg 1080w, https:\/\/www.reliuresgrymoires.fr\/wp-content\/uploads\/2021\/09\/Star-Wars.jpg 1728w\" sizes=\"(max-width: 1024px) 100vw, 1024px\" \/><figcaption>Plein cuir \u00e0 d\u00e9cor, deux cuirs sont utilis\u00e9s ici, un Galaxy Noir brillant et un Buffle rouge.<\/figcaption><\/figure><\/div>\n\n\n\n<h2 class=\"has-text-align-center wp-block-heading\">Dungeon Crawler et son \u00e9tui<\/h2>\n\n\n\n<div class=\"wp-block-image\"><figure class=\"aligncenter size-large\"><img loading=\"lazy\" decoding=\"async\" width=\"1024\" height=\"768\" src=\"http:\/\/www.reliuresgrymoires.fr\/wp-content\/uploads\/2021\/09\/202030030_2689915877972840_5401572606474663338_n-1024x768.jpg\" alt=\"\" class=\"wp-image-307\" srcset=\"https:\/\/www.reliuresgrymoires.fr\/wp-content\/uploads\/2021\/09\/202030030_2689915877972840_5401572606474663338_n-1024x768.jpg 1024w, https:\/\/www.reliuresgrymoires.fr\/wp-content\/uploads\/2021\/09\/202030030_2689915877972840_5401572606474663338_n-300x225.jpg 300w, https:\/\/www.reliuresgrymoires.fr\/wp-content\/uploads\/2021\/09\/202030030_2689915877972840_5401572606474663338_n-768x576.jpg 768w, https:\/\/www.reliuresgrymoires.fr\/wp-content\/uploads\/2021\/09\/202030030_2689915877972840_5401572606474663338_n-1536x1152.jpg 1536w, https:\/\/www.reliuresgrymoires.fr\/wp-content\/uploads\/2021\/09\/202030030_2689915877972840_5401572606474663338_n-510x382.jpg 510w, https:\/\/www.reliuresgrymoires.fr\/wp-content\/uploads\/2021\/09\/202030030_2689915877972840_5401572606474663338_n-1080x810.jpg 1080w, https:\/\/www.reliuresgrymoires.fr\/wp-content\/uploads\/2021\/09\/202030030_2689915877972840_5401572606474663338_n.jpg 1728w\" sizes=\"(max-width: 1024px) 100vw, 1024px\" \/><figcaption>Pleine toile imprim\u00e9e selon un design cr\u00e9\u00e9 par le client. <\/figcaption><\/figure><\/div>\n\n\n\n<div class=\"wp-block-image\"><figure class=\"aligncenter size-large\"><img loading=\"lazy\" decoding=\"async\" width=\"1024\" height=\"768\" src=\"http:\/\/www.reliuresgrymoires.fr\/wp-content\/uploads\/2021\/09\/201776026_2689915797972848_6936719823940314199_n-1024x768.jpg\" alt=\"\" class=\"wp-image-308\" srcset=\"https:\/\/www.reliuresgrymoires.fr\/wp-content\/uploads\/2021\/09\/201776026_2689915797972848_6936719823940314199_n-1024x768.jpg 1024w, https:\/\/www.reliuresgrymoires.fr\/wp-content\/uploads\/2021\/09\/201776026_2689915797972848_6936719823940314199_n-300x225.jpg 300w, https:\/\/www.reliuresgrymoires.fr\/wp-content\/uploads\/2021\/09\/201776026_2689915797972848_6936719823940314199_n-768x576.jpg 768w, https:\/\/www.reliuresgrymoires.fr\/wp-content\/uploads\/2021\/09\/201776026_2689915797972848_6936719823940314199_n-1536x1152.jpg 1536w, https:\/\/www.reliuresgrymoires.fr\/wp-content\/uploads\/2021\/09\/201776026_2689915797972848_6936719823940314199_n-510x382.jpg 510w, https:\/\/www.reliuresgrymoires.fr\/wp-content\/uploads\/2021\/09\/201776026_2689915797972848_6936719823940314199_n-1080x810.jpg 1080w, https:\/\/www.reliuresgrymoires.fr\/wp-content\/uploads\/2021\/09\/201776026_2689915797972848_6936719823940314199_n.jpg 1728w\" sizes=\"(max-width: 1024px) 100vw, 1024px\" \/><\/figure><\/div>\n\n\n\n<h2 class=\"has-text-align-center wp-block-heading\">Warhammer , la campagne imp\u00e9riale en deux volumes<\/h2>\n\n\n\n<div class=\"wp-block-image\"><figure class=\"aligncenter size-full\"><img loading=\"lazy\" decoding=\"async\" width=\"960\" height=\"720\" src=\"http:\/\/www.reliuresgrymoires.fr\/wp-content\/uploads\/2021\/09\/Warhammer-campagne.jpg\" alt=\"\" class=\"wp-image-309\" srcset=\"https:\/\/www.reliuresgrymoires.fr\/wp-content\/uploads\/2021\/09\/Warhammer-campagne.jpg 960w, https:\/\/www.reliuresgrymoires.fr\/wp-content\/uploads\/2021\/09\/Warhammer-campagne-300x225.jpg 300w, https:\/\/www.reliuresgrymoires.fr\/wp-content\/uploads\/2021\/09\/Warhammer-campagne-768x576.jpg 768w, https:\/\/www.reliuresgrymoires.fr\/wp-content\/uploads\/2021\/09\/Warhammer-campagne-510x382.jpg 510w\" sizes=\"(max-width: 960px) 100vw, 960px\" \/><figcaption>Pleine toile \u00e0 d\u00e9cor.<\/figcaption><\/figure><\/div>\n\n\n\n<p><\/p>\n\n\n\n<h3 class=\"has-text-align-center wp-block-heading\"><strong>Capharnaum<\/strong><\/h3>\n\n\n\n<figure class=\"wp-block-gallery aligncenter columns-1 is-cropped wp-block-gallery-1 is-layout-flex wp-block-gallery-is-layout-flex\"><ul class=\"blocks-gallery-grid\"><li class=\"blocks-gallery-item\"><figure><img loading=\"lazy\" decoding=\"async\" width=\"960\" height=\"720\" src=\"http:\/\/www.reliuresgrymoires.fr\/wp-content\/uploads\/2018\/12\/29432803_1844414875856282_5382540284933050576_n.jpg\" alt=\"\" data-id=\"284\" data-link=\"http:\/\/www.reliuresgrymoires.fr\/?attachment_id=284\" class=\"wp-image-284\" srcset=\"https:\/\/www.reliuresgrymoires.fr\/wp-content\/uploads\/2018\/12\/29432803_1844414875856282_5382540284933050576_n.jpg 960w, https:\/\/www.reliuresgrymoires.fr\/wp-content\/uploads\/2018\/12\/29432803_1844414875856282_5382540284933050576_n-300x225.jpg 300w, https:\/\/www.reliuresgrymoires.fr\/wp-content\/uploads\/2018\/12\/29432803_1844414875856282_5382540284933050576_n-768x576.jpg 768w, https:\/\/www.reliuresgrymoires.fr\/wp-content\/uploads\/2018\/12\/29432803_1844414875856282_5382540284933050576_n-510x382.jpg 510w\" sizes=\"(max-width: 960px) 100vw, 960px\" \/><\/figure><\/li><\/ul><figcaption class=\"blocks-gallery-caption\">Plein cuir retourn\u00e9 couleur sable pour \u00e9voquer le d\u00e9sert. J&rsquo;ai gaufr\u00e9 le cuir pour donner un ensemble reptilien en r\u00e9f\u00e9rence aux dragons. Dorure du titre dans une police de caract\u00e8re exotique.<\/figcaption><\/figure>\n\n\n\n<p><\/p>\n\n\n\n<h2 class=\"has-text-align-center wp-block-heading\">Le Tr\u00f4ne de Fer<\/h2>\n\n\n\n<div class=\"wp-block-image\"><figure class=\"aligncenter\"><img loading=\"lazy\" decoding=\"async\" width=\"960\" height=\"720\" src=\"http:\/\/www.reliuresgrymoires.fr\/wp-content\/uploads\/2018\/12\/29511730_1844413542523082_3905587216090367849_n.jpg\" alt=\"\" class=\"wp-image-285\" srcset=\"https:\/\/www.reliuresgrymoires.fr\/wp-content\/uploads\/2018\/12\/29511730_1844413542523082_3905587216090367849_n.jpg 960w, https:\/\/www.reliuresgrymoires.fr\/wp-content\/uploads\/2018\/12\/29511730_1844413542523082_3905587216090367849_n-300x225.jpg 300w, https:\/\/www.reliuresgrymoires.fr\/wp-content\/uploads\/2018\/12\/29511730_1844413542523082_3905587216090367849_n-768x576.jpg 768w, https:\/\/www.reliuresgrymoires.fr\/wp-content\/uploads\/2018\/12\/29511730_1844413542523082_3905587216090367849_n-510x382.jpg 510w\" sizes=\"(max-width: 960px) 100vw, 960px\" \/><figcaption>Plein cuir \u00e0 grain, dos lisse. D\u00e9coration du titre en argent\u00e9, mosa\u00efque de cuir des quatre familles principale, sur la premi\u00e8re et quatri\u00e8me de couverture, encadrement \u00e0 froid d&rsquo;une roulette style m\u00e9di\u00e9val.<\/figcaption><\/figure><\/div>\n\n\n\n<p><\/p>\n\n\n\n<h2 class=\"has-text-align-center wp-block-heading\">Les Chroniques Oubli\u00e9es<\/h2>\n\n\n\n<div class=\"wp-block-image\"><figure class=\"aligncenter\"><img loading=\"lazy\" decoding=\"async\" width=\"960\" height=\"720\" src=\"http:\/\/www.reliuresgrymoires.fr\/wp-content\/uploads\/2018\/12\/30127136_1851220605175709_4908372102738302105_n.jpg\" alt=\"\" class=\"wp-image-286\" srcset=\"https:\/\/www.reliuresgrymoires.fr\/wp-content\/uploads\/2018\/12\/30127136_1851220605175709_4908372102738302105_n.jpg 960w, https:\/\/www.reliuresgrymoires.fr\/wp-content\/uploads\/2018\/12\/30127136_1851220605175709_4908372102738302105_n-300x225.jpg 300w, https:\/\/www.reliuresgrymoires.fr\/wp-content\/uploads\/2018\/12\/30127136_1851220605175709_4908372102738302105_n-768x576.jpg 768w, https:\/\/www.reliuresgrymoires.fr\/wp-content\/uploads\/2018\/12\/30127136_1851220605175709_4908372102738302105_n-510x382.jpg 510w\" sizes=\"(max-width: 960px) 100vw, 960px\" \/><\/figure><\/div>\n\n\n\n<div class=\"wp-block-image\"><figure class=\"aligncenter\"><img loading=\"lazy\" decoding=\"async\" width=\"720\" height=\"960\" src=\"http:\/\/www.reliuresgrymoires.fr\/wp-content\/uploads\/2018\/12\/Anathazer\u00efn.jpg\" alt=\"\" class=\"wp-image-287\" srcset=\"https:\/\/www.reliuresgrymoires.fr\/wp-content\/uploads\/2018\/12\/Anathazer\u00efn.jpg 720w, https:\/\/www.reliuresgrymoires.fr\/wp-content\/uploads\/2018\/12\/Anathazer\u00efn-225x300.jpg 225w\" sizes=\"(max-width: 720px) 100vw, 720px\" \/><figcaption>Collection de quatre livre en plein cuir lisse patin\u00e9 avec cinq nerfs et dorure sur la premi\u00e8re de couverture.<\/figcaption><\/figure><\/div>\n\n\n\n<p><\/p>\n\n\n\n<h2 class=\"has-text-align-center wp-block-heading\">Bloodlust<\/h2>\n\n\n\n<div class=\"wp-block-image\"><figure class=\"aligncenter\"><img loading=\"lazy\" decoding=\"async\" width=\"1024\" height=\"768\" src=\"http:\/\/www.reliuresgrymoires.fr\/wp-content\/uploads\/2018\/12\/DSCN0797-1024x768.jpg\" alt=\"\" class=\"wp-image-288\" srcset=\"https:\/\/www.reliuresgrymoires.fr\/wp-content\/uploads\/2018\/12\/DSCN0797-1024x768.jpg 1024w, https:\/\/www.reliuresgrymoires.fr\/wp-content\/uploads\/2018\/12\/DSCN0797-300x225.jpg 300w, https:\/\/www.reliuresgrymoires.fr\/wp-content\/uploads\/2018\/12\/DSCN0797-768x576.jpg 768w, https:\/\/www.reliuresgrymoires.fr\/wp-content\/uploads\/2018\/12\/DSCN0797-510x382.jpg 510w, https:\/\/www.reliuresgrymoires.fr\/wp-content\/uploads\/2018\/12\/DSCN0797-1080x810.jpg 1080w\" sizes=\"(max-width: 1024px) 100vw, 1024px\" \/><\/figure><\/div>\n\n\n\n<div class=\"wp-block-image\"><figure class=\"aligncenter\"><img loading=\"lazy\" decoding=\"async\" width=\"960\" height=\"720\" src=\"http:\/\/www.reliuresgrymoires.fr\/wp-content\/uploads\/2018\/12\/35291895_1881321882165581_7966246563993354240_n.jpg\" alt=\"\" class=\"wp-image-290\" srcset=\"https:\/\/www.reliuresgrymoires.fr\/wp-content\/uploads\/2018\/12\/35291895_1881321882165581_7966246563993354240_n.jpg 960w, https:\/\/www.reliuresgrymoires.fr\/wp-content\/uploads\/2018\/12\/35291895_1881321882165581_7966246563993354240_n-300x225.jpg 300w, https:\/\/www.reliuresgrymoires.fr\/wp-content\/uploads\/2018\/12\/35291895_1881321882165581_7966246563993354240_n-768x576.jpg 768w, https:\/\/www.reliuresgrymoires.fr\/wp-content\/uploads\/2018\/12\/35291895_1881321882165581_7966246563993354240_n-510x382.jpg 510w\" sizes=\"(max-width: 960px) 100vw, 960px\" \/><figcaption>Plein cuir \u00e0 grain couleur tabac, dorure deux couleurs rouge et or. incrustation d&rsquo;une arme miniature. La lame est taill\u00e9e dans du magn\u00e9sium, le manche est en carton enroul\u00e9 d&rsquo;une lani\u00e8re de cuir. Arme Dieu appel\u00e9e Zdaahr, m\u00e9lancolique, t\u00e9n\u00e9breuses, \u00e0 tenir hors de port\u00e9e des Ambitieux.<br>Lien vers la vid\u00e9o :\u00a0https:\/\/www.facebook.com\/ReliuresetGrymoires\/videos\/1900264730271296\/<\/figcaption><\/figure><\/div>\n\n\n\n<h2 class=\"has-text-align-center wp-block-heading\">Polaris<\/h2>\n\n\n\n<div class=\"wp-block-image\"><figure class=\"aligncenter\"><img loading=\"lazy\" decoding=\"async\" width=\"960\" height=\"720\" src=\"http:\/\/www.reliuresgrymoires.fr\/wp-content\/uploads\/2018\/12\/polaris-4.jpg\" alt=\"\" class=\"wp-image-289\" srcset=\"https:\/\/www.reliuresgrymoires.fr\/wp-content\/uploads\/2018\/12\/polaris-4.jpg 960w, https:\/\/www.reliuresgrymoires.fr\/wp-content\/uploads\/2018\/12\/polaris-4-300x225.jpg 300w, https:\/\/www.reliuresgrymoires.fr\/wp-content\/uploads\/2018\/12\/polaris-4-768x576.jpg 768w, https:\/\/www.reliuresgrymoires.fr\/wp-content\/uploads\/2018\/12\/polaris-4-510x382.jpg 510w\" sizes=\"(max-width: 960px) 100vw, 960px\" \/><figcaption> Plein cuir lisse Aquagrey, dorure du titre au balancier et mosa\u00efque de poisson sertie. <\/figcaption><\/figure><\/div>\n\n\n\n<p><\/p>\n\n\n\n<h2 class=\"has-text-align-center wp-block-heading\">Ars Magica<\/h2>\n\n\n\n<div class=\"wp-block-image\"><figure class=\"aligncenter\"><img loading=\"lazy\" decoding=\"async\" width=\"480\" height=\"360\" src=\"http:\/\/www.reliuresgrymoires.fr\/wp-content\/uploads\/2018\/12\/ars-magica.jpg\" alt=\"\" class=\"wp-image-291\" srcset=\"https:\/\/www.reliuresgrymoires.fr\/wp-content\/uploads\/2018\/12\/ars-magica.jpg 480w, https:\/\/www.reliuresgrymoires.fr\/wp-content\/uploads\/2018\/12\/ars-magica-300x225.jpg 300w\" sizes=\"(max-width: 480px) 100vw, 480px\" \/><figcaption>Plein cuir lisse patin\u00e9 marron, gauffr\u00e9 \u00e0 froid et titrage de la premi\u00e8re de couverture au balancier, titrage classique du dos avec une police de caract\u00e8re gothique.<\/figcaption><\/figure><\/div>\n\n\n\n<p><\/p>\n","protected":false},"excerpt":{"rendered":"<p>Dune, RPG Vampire Tecumah Gulch Bloodlust et son Arme Dieu Warhammer, Age of Sigmar Star Wars, l&rsquo;Ere de la R\u00e9bellion. Dungeon Crawler et son \u00e9tui Warhammer , la campagne imp\u00e9riale en deux volumes Capharnaum Le Tr\u00f4ne de Fer Les Chroniques Oubli\u00e9es Bloodlust Polaris Ars Magica<\/p>\n","protected":false},"author":1,"featured_media":0,"parent":0,"menu_order":0,"comment_status":"closed","ping_status":"closed","template":"","meta":{"footnotes":""},"_links":{"self":[{"href":"https:\/\/www.reliuresgrymoires.fr\/index.php?rest_route=\/wp\/v2\/pages\/228"}],"collection":[{"href":"https:\/\/www.reliuresgrymoires.fr\/index.php?rest_route=\/wp\/v2\/pages"}],"about":[{"href":"https:\/\/www.reliuresgrymoires.fr\/index.php?rest_route=\/wp\/v2\/types\/page"}],"author":[{"embeddable":true,"href":"https:\/\/www.reliuresgrymoires.fr\/index.php?rest_route=\/wp\/v2\/users\/1"}],"replies":[{"embeddable":true,"href":"https:\/\/www.reliuresgrymoires.fr\/index.php?rest_route=%2Fwp%2Fv2%2Fcomments&post=228"}],"version-history":[{"count":11,"href":"https:\/\/www.reliuresgrymoires.fr\/index.php?rest_route=\/wp\/v2\/pages\/228\/revisions"}],"predecessor-version":[{"id":337,"href":"https:\/\/www.reliuresgrymoires.fr\/index.php?rest_route=\/wp\/v2\/pages\/228\/revisions\/337"}],"wp:attachment":[{"href":"https:\/\/www.reliuresgrymoires.fr\/index.php?rest_route=%2Fwp%2Fv2%2Fmedia&parent=228"}],"curies":[{"name":"wp","href":"https:\/\/api.w.org\/{rel}","templated":true}]}}